{"id":1220,"date":"2026-04-01T23:10:10","date_gmt":"2026-04-01T21:10:10","guid":{"rendered":"https:\/\/www.oldshipsmusic.com\/product\/kiss-cut-vinyl-decals\/"},"modified":"2026-04-01T23:25:34","modified_gmt":"2026-04-01T21:25:34","slug":"sticker-vinyl","status":"publish","type":"product","link":"https:\/\/www.oldshipsmusic.com\/en\/product\/sticker-vinyl\/","title":{"rendered":"Sticker vinyl"},"content":{"rendered":"<p data-start=\"0\" data-end=\"379\">Ajoutez une touche de personnalit\u00e9 \u00e0 vos objets avec des autocollants vinyle d\u00e9coup\u00e9s \u00e0 la forme. Leur finition satin\u00e9e leur donne un aspect \u00e9l\u00e9gant, tandis que leur conception sans bulles facilite l\u2019application. R\u00e9sistants, compatibles avec le lave-vaisselle et amovibles sans laisser de traces, ils sont parfaits pour personnaliser ordinateurs portables, bouteilles ou carnets.<\/p>\n<p data-start=\"381\" data-end=\"743\">\u2022 Vinyle avec finition satin\u00e9e<br data-start=\"411\" data-end=\"414\" \/>\u2022 <strong>Tailles : 3\u2033 \u00d7 4\u2033 (7,6 \u00d7 10,2 cm), 4\u2033 \u00d7 6\u2033 (10,2 \u00d7 15,2 cm), 6\u2033 \u00d7 8\u2033 (15,2 \u00d7 20,3 cm), 8\u2033 \u00d7 10\u2033 (20,3 \u00d7 25,4 cm)<\/strong><br data-start=\"528\" data-end=\"531\" data-is-only-node=\"\" \/>\u2022 Adh\u00e9sif amovible<br data-start=\"549\" data-end=\"552\" \/>\u2022 Application sans bulles<br data-start=\"577\" data-end=\"580\" \/>\u2022 R\u00e9sistant \u00e0 l\u2019eau, aux rayures et aux UV<br data-start=\"622\" data-end=\"625\" \/>\u2022 Compatible lave-vaisselle<br data-start=\"652\" data-end=\"655\" \/>\u2022 Adapt\u00e9 \u00e0 un usage int\u00e9rieur et ext\u00e9rieur<br data-start=\"697\" data-end=\"700\" \/>\u2022 Produit vierge provenant des \u00c9tats-Unis<\/p>\n<p data-start=\"745\" data-end=\"1018\" data-is-last-node=\"\" data-is-only-node=\"\">Ce produit est fabriqu\u00e9 sp\u00e9cialement pour vous d\u00e8s que vous passez commande. C\u2019est pourquoi la livraison peut prendre un peu plus de temps. Produire \u00e0 la demande plut\u00f4t qu\u2019en grande quantit\u00e9 permet de r\u00e9duire la surproduction. Merci de faire des choix d\u2019achat responsables.<\/p>\n","protected":false},"excerpt":{"rendered":"<p>Ajoutez une touche de personnalit\u00e9 \u00e0 vos objets avec des autocollants vinyle d\u00e9coup\u00e9s \u00e0 la forme. Leur finition satin\u00e9e leur donne un aspect \u00e9l\u00e9gant, tandis que leur conception sans bulles facilite l\u2019application. R\u00e9sistants, compatibles avec le lave-vaisselle et amovibles sans laisser de traces, ils sont parfaits pour personnaliser ordinateurs portables, bouteilles ou carnets. \u2022 Vinyle [&hellip;]<\/p>\n","protected":false},"featured_media":1221,"comment_status":"open","ping_status":"closed","template":"","meta":[],"product_brand":[],"product_cat":[42],"product_tag":[],"class_list":{"0":"post-1220","1":"product","2":"type-product","3":"status-publish","4":"has-post-thumbnail","6":"product_cat-music","8":"first","9":"instock","10":"taxable","11":"shipping-taxable","12":"purchasable","13":"product-type-variable"},"_links":{"self":[{"href":"https:\/\/www.oldshipsmusic.com\/en\/wp-json\/wp\/v2\/product\/1220","targetHints":{"allow":["GET"]}}],"collection":[{"href":"https:\/\/www.oldshipsmusic.com\/en\/wp-json\/wp\/v2\/product"}],"about":[{"href":"https:\/\/www.oldshipsmusic.com\/en\/wp-json\/wp\/v2\/types\/product"}],"replies":[{"embeddable":true,"href":"https:\/\/www.oldshipsmusic.com\/en\/wp-json\/wp\/v2\/comments?post=1220"}],"version-history":[{"count":4,"href":"https:\/\/www.oldshipsmusic.com\/en\/wp-json\/wp\/v2\/product\/1220\/revisions"}],"predecessor-version":[{"id":1232,"href":"https:\/\/www.oldshipsmusic.com\/en\/wp-json\/wp\/v2\/product\/1220\/revisions\/1232"}],"wp:featuredmedia":[{"embeddable":true,"href":"https:\/\/www.oldshipsmusic.com\/en\/wp-json\/wp\/v2\/media\/1221"}],"wp:attachment":[{"href":"https:\/\/www.oldshipsmusic.com\/en\/wp-json\/wp\/v2\/media?parent=1220"}],"wp:term":[{"taxonomy":"product_brand","embeddable":true,"href":"https:\/\/www.oldshipsmusic.com\/en\/wp-json\/wp\/v2\/product_brand?post=1220"},{"taxonomy":"product_cat","embeddable":true,"href":"https:\/\/www.oldshipsmusic.com\/en\/wp-json\/wp\/v2\/product_cat?post=1220"},{"taxonomy":"product_tag","embeddable":true,"href":"https:\/\/www.oldshipsmusic.com\/en\/wp-json\/wp\/v2\/product_tag?post=1220"}],"curies":[{"name":"wp","href":"https:\/\/api.w.org\/{rel}","templated":true}]}}